{"id":305,"date":"2025-12-18T20:18:26","date_gmt":"2025-12-18T20:18:26","guid":{"rendered":"https:\/\/radioposk.org\/?page_id=305"},"modified":"2026-01-13T21:30:33","modified_gmt":"2026-01-13T21:30:33","slug":"o-nas","status":"publish","type":"page","link":"https:\/\/radioposk.org\/en\/o-nas\/","title":{"rendered":"About us"},"content":{"rendered":"\t\t<div data-elementor-type=\"wp-page\" data-elementor-id=\"305\" class=\"elementor elementor-305\" data-elementor-post-type=\"page\">\n\t\t\t\t<div class=\"elementor-element elementor-element-36576fea e-flex e-con-boxed e-con e-parent\" data-id=\"36576fea\" data-element_type=\"container\" data-e-type=\"container\" data-settings=\"{&quot;background_background&quot;:&quot;classic&quot;,&quot;background_motion_fx_motion_fx_mouse&quot;:&quot;yes&quot;,&quot;background_motion_fx_mouseTrack_effect&quot;:&quot;yes&quot;,&quot;background_motion_fx_mouseTrack_speed&quot;:{&quot;unit&quot;:&quot;px&quot;,&quot;size&quot;:1,&quot;sizes&quot;:[]}}\">\n\t\t\t\t\t<div class=\"e-con-inner\">\n\t\t\t\t<div class=\"elementor-element elementor-element-0338ecd elementor-widget elementor-widget-site-logo\" data-id=\"0338ecd\" data-element_type=\"widget\" data-e-type=\"widget\" data-settings=\"{&quot;motion_fx_motion_fx_scrolling&quot;:&quot;yes&quot;,&quot;motion_fx_opacity_effect&quot;:&quot;yes&quot;,&quot;motion_fx_opacity_level&quot;:{&quot;unit&quot;:&quot;px&quot;,&quot;size&quot;:5,&quot;sizes&quot;:[]},&quot;motion_fx_opacity_range&quot;:{&quot;unit&quot;:&quot;%&quot;,&quot;size&quot;:&quot;&quot;,&quot;sizes&quot;:{&quot;start&quot;:20,&quot;end&quot;:80}},&quot;motion_fx_scale_effect&quot;:&quot;yes&quot;,&quot;motion_fx_scale_speed&quot;:{&quot;unit&quot;:&quot;px&quot;,&quot;size&quot;:2,&quot;sizes&quot;:[]},&quot;motion_fx_opacity_direction&quot;:&quot;out-in&quot;,&quot;motion_fx_scale_direction&quot;:&quot;out-in&quot;,&quot;motion_fx_scale_range&quot;:{&quot;unit&quot;:&quot;%&quot;,&quot;size&quot;:&quot;&quot;,&quot;sizes&quot;:{&quot;start&quot;:20,&quot;end&quot;:80}},&quot;motion_fx_devices&quot;:[&quot;desktop&quot;,&quot;tablet&quot;,&quot;mobile&quot;]}\" data-widget_type=\"site-logo.default\">\n\t\t\t\t<div class=\"elementor-widget-container\">\n\t\t\t\t\t        <div class=\"rkit-image-container\">\n            <a class=\"rkit-image\"  style=\"text-decoration: none; border-bottom:none\">\n                <img fetchpriority=\"high\" decoding=\"async\" width=\"300\" height=\"300\" src=\"https:\/\/radioposk.org\/wp-content\/uploads\/2025\/12\/cropped-Logo-Radio-scaled-e1765997635294-300x300.png\" class=\"attachment-medium size-medium\" alt=\"\" srcset=\"https:\/\/radioposk.org\/wp-content\/uploads\/2025\/12\/cropped-Logo-Radio-scaled-e1765997635294-300x300.png 300w, https:\/\/radioposk.org\/wp-content\/uploads\/2025\/12\/cropped-Logo-Radio-scaled-e1765997635294-150x150.png 150w, https:\/\/radioposk.org\/wp-content\/uploads\/2025\/12\/cropped-Logo-Radio-scaled-e1765997635294-270x270.png 270w, https:\/\/radioposk.org\/wp-content\/uploads\/2025\/12\/cropped-Logo-Radio-scaled-e1765997635294-192x192.png 192w, https:\/\/radioposk.org\/wp-content\/uploads\/2025\/12\/cropped-Logo-Radio-scaled-e1765997635294-180x180.png 180w, https:\/\/radioposk.org\/wp-content\/uploads\/2025\/12\/cropped-Logo-Radio-scaled-e1765997635294-32x32.png 32w, https:\/\/radioposk.org\/wp-content\/uploads\/2025\/12\/cropped-Logo-Radio-scaled-e1765997635294.png 512w\" sizes=\"(max-width: 300px) 100vw, 300px\" \/>                                    <div class=\"site-caption\"> <\/div>\n                            <\/a>\n        <\/div>\n\t\t\t\t<\/div>\n\t\t\t\t<\/div>\n\t\t\t\t\t<\/div>\n\t\t\t\t<\/div>\n\t\t<div class=\"elementor-element elementor-element-412afaa8 e-flex e-con-boxed e-con e-parent\" data-id=\"412afaa8\" data-element_type=\"container\" data-e-type=\"container\">\n\t\t\t\t\t<div class=\"e-con-inner\">\n\t\t<div class=\"elementor-element elementor-element-59b293de e-con-full e-flex e-con e-child\" data-id=\"59b293de\" data-element_type=\"container\" data-e-type=\"container\" data-settings=\"{&quot;background_background&quot;:&quot;classic&quot;}\">\n\t\t\t\t<\/div>\n\t\t<div class=\"elementor-element elementor-element-1fe1a7b4 e-con-full e-flex e-con e-child\" data-id=\"1fe1a7b4\" data-element_type=\"container\" data-e-type=\"container\">\n\t\t\t\t<div class=\"elementor-element elementor-element-3bd7797c elementor-invisible elementor-widget elementor-widget-heading\" data-id=\"3bd7797c\" data-element_type=\"widget\" data-e-type=\"widget\" data-settings=\"{&quot;_animation&quot;:&quot;fadeInUp&quot;}\" data-widget_type=\"heading.default\">\n\t\t\t\t\t<h6 class=\"elementor-heading-title elementor-size-default\">O nas<\/h6>\t\t\t\t<\/div>\n\t\t\t\t<div class=\"elementor-element elementor-element-bdd7b6d elementor-invisible elementor-widget elementor-widget-heading\" data-id=\"bdd7b6d\" data-element_type=\"widget\" data-e-type=\"widget\" data-settings=\"{&quot;_animation&quot;:&quot;fadeInUp&quot;}\" data-widget_type=\"heading.default\">\n\t\t\t\t\t<h3 class=\"elementor-heading-title elementor-size-default\">Tworzymy przestrze\u0144 d\u017awi\u0119ku dla polskiej spo\u0142eczno\u015bci<\/h3>\t\t\t\t<\/div>\n\t\t<div class=\"elementor-element elementor-element-214934f1 e-con-full e-flex e-con e-child\" data-id=\"214934f1\" data-element_type=\"container\" data-e-type=\"container\">\n\t\t<div class=\"elementor-element elementor-element-4f6f44b e-con-full e-flex e-con e-child\" data-id=\"4f6f44b\" data-element_type=\"container\" data-e-type=\"container\" data-settings=\"{&quot;background_background&quot;:&quot;classic&quot;}\">\n\t\t\t\t<\/div>\n\t\t<div class=\"elementor-element elementor-element-5187baa9 e-con-full e-flex e-con e-child\" data-id=\"5187baa9\" data-element_type=\"container\" data-e-type=\"container\">\n\t\t\t\t<div class=\"elementor-element elementor-element-2efaf829 elementor-widget elementor-widget-text-editor\" data-id=\"2efaf829\" data-element_type=\"widget\" data-e-type=\"widget\" data-widget_type=\"text-editor.default\">\n\t\t\t\t\t\t\t\t\t<p data-start=\"205\" data-end=\"523\">Wierzymy w si\u0142\u0119 rozmowy, kt\u00f3ra potrafi inspirowa\u0107, \u0142\u0105czy\u0107 ludzi i realnie wp\u0142ywa\u0107 na zmian\u0119. Misj\u0105 radia POSK jest codzienne dostarczanie warto\u015bciowych audycji i rozm\u00f3w, w kt\u00f3rych zag\u0142\u0119biamy si\u0119 w historie, do\u015bwiadczenia i idee wyj\u0105tkowych os\u00f3b z r\u00f3\u017cnych \u015brodowisk polskiej spo\u0142eczno\u015bci w Wielkiej Brytanii i poza ni\u0105.<\/p><p data-start=\"525\" data-end=\"804\">Rozmawiamy z przedsi\u0119biorcami, tw\u00f3rcami, liderami opinii, dzia\u0142aczami spo\u0142ecznymi, artystami, ale r\u00f3wnie\u017c z lud\u017ami, kt\u00f3rych codzienne historie zas\u0142uguj\u0105 na uwag\u0119. Pokazujemy drogi, kt\u00f3re ukszta\u0142towa\u0142y ich \u017cycie, wyzwania z kt\u00f3rymi si\u0119 mierzyli oraz lekcje, jakie z nich wynie\u015bli.<\/p><p data-start=\"806\" data-end=\"1085\">Ka\u017cda audycja radia POSK ma inspirowa\u0107, sk\u0142ania\u0107 do refleksji i dawa\u0107 nowe perspektywy. Chcemy wspiera\u0107 rozw\u00f3j osobisty, wzmacnia\u0107 wi\u0119zi w\u015br\u00f3d Polonii oraz promowa\u0107 pozytywne zmiany poprzez dialog, autentyczno\u015b\u0107 i wsp\u00f3lne do\u015bwiadczenia. To radio tworzone przez ludzi i dla ludzi.<\/p>\t\t\t\t\t\t\t\t<\/div>\n\t\t<div class=\"elementor-element elementor-element-28d9155a e-con-full e-flex e-con e-child\" data-id=\"28d9155a\" data-element_type=\"container\" data-e-type=\"container\">\n\t\t\t\t<\/div>\n\t\t\t\t<\/div>\n\t\t\t\t<\/div>\n\t\t\t\t<\/div>\n\t\t\t\t\t<\/div>\n\t\t\t\t<\/div>\n\t\t\t\t<\/div>\n\t\t","protected":false},"excerpt":{"rendered":"<p>O nas Tworzymy przestrze\u0144 d\u017awi\u0119ku dla polskiej spo\u0142eczno\u015bci Wierzymy w si\u0142\u0119 rozmowy, kt\u00f3ra potrafi inspirowa\u0107, \u0142\u0105czy\u0107 ludzi i realnie wp\u0142ywa\u0107 na zmian\u0119. Misj\u0105 radia POSK jest codzienne dostarczanie warto\u015bciowych audycji i rozm\u00f3w, w kt\u00f3rych zag\u0142\u0119biamy si\u0119 w historie, do\u015bwiadczenia i idee wyj\u0105tkowych os\u00f3b z r\u00f3\u017cnych \u015brodowisk polskiej spo\u0142eczno\u015bci w Wielkiej Brytanii i poza ni\u0105. Rozmawiamy [&hellip;]<\/p>\n","protected":false},"author":2,"featured_media":0,"parent":0,"menu_order":0,"comment_status":"closed","ping_status":"closed","template":"","meta":{"_eb_attr":"","footnotes":""},"class_list":["post-305","page","type-page","status-publish","hentry"],"_links":{"self":[{"href":"https:\/\/radioposk.org\/en\/wp-json\/wp\/v2\/pages\/305","targetHints":{"allow":["GET"]}}],"collection":[{"href":"https:\/\/radioposk.org\/en\/wp-json\/wp\/v2\/pages"}],"about":[{"href":"https:\/\/radioposk.org\/en\/wp-json\/wp\/v2\/types\/page"}],"author":[{"embeddable":true,"href":"https:\/\/radioposk.org\/en\/wp-json\/wp\/v2\/users\/2"}],"replies":[{"embeddable":true,"href":"https:\/\/radioposk.org\/en\/wp-json\/wp\/v2\/comments?post=305"}],"version-history":[{"count":22,"href":"https:\/\/radioposk.org\/en\/wp-json\/wp\/v2\/pages\/305\/revisions"}],"predecessor-version":[{"id":679,"href":"https:\/\/radioposk.org\/en\/wp-json\/wp\/v2\/pages\/305\/revisions\/679"}],"wp:attachment":[{"href":"https:\/\/radioposk.org\/en\/wp-json\/wp\/v2\/media?parent=305"}],"curies":[{"name":"wp","href":"https:\/\/api.w.org\/{rel}","templated":true}]}}