{"id":260,"date":"2025-12-17T21:29:17","date_gmt":"2025-12-17T21:29:17","guid":{"rendered":"https:\/\/radioposk.org\/?page_id=260"},"modified":"2026-01-13T21:28:28","modified_gmt":"2026-01-13T21:28:28","slug":"home","status":"publish","type":"page","link":"https:\/\/radioposk.org\/en\/","title":{"rendered":"Home"},"content":{"rendered":"<div data-elementor-type=\"wp-page\" data-elementor-id=\"260\" class=\"elementor elementor-260\" data-elementor-post-type=\"page\">\n\t\t\t\t<div class=\"elementor-element elementor-element-1e7c181c e-flex e-con-boxed e-con e-parent\" data-id=\"1e7c181c\" data-element_type=\"container\" data-e-type=\"container\" data-settings=\"{&quot;background_background&quot;:&quot;classic&quot;,&quot;background_motion_fx_motion_fx_mouse&quot;:&quot;yes&quot;,&quot;background_motion_fx_mouseTrack_effect&quot;:&quot;yes&quot;,&quot;background_motion_fx_mouseTrack_speed&quot;:{&quot;unit&quot;:&quot;px&quot;,&quot;size&quot;:0.3,&quot;sizes&quot;:[]}}\">\n\t\t\t\t\t<div class=\"e-con-inner\">\n\t\t\t\t<div class=\"elementor-element elementor-element-4c299c6 elementor-widget elementor-widget-site-logo\" data-id=\"4c299c6\" data-element_type=\"widget\" data-e-type=\"widget\" data-widget_type=\"site-logo.default\">\n\t\t\t\t<div class=\"elementor-widget-container\">\n\t\t\t\t\t        <div class=\"rkit-image-container\">\n            <a class=\"rkit-image\"  style=\"text-decoration: none; border-bottom:none\">\n                <img decoding=\"async\" width=\"150\" height=\"150\" src=\"https:\/\/radioposk.org\/wp-content\/uploads\/2025\/12\/cropped-Logo-Radio-scaled-e1765997635294-150x150.png\" class=\"attachment-thumbnail size-thumbnail\" alt=\"\" srcset=\"https:\/\/radioposk.org\/wp-content\/uploads\/2025\/12\/cropped-Logo-Radio-scaled-e1765997635294-150x150.png 150w, https:\/\/radioposk.org\/wp-content\/uploads\/2025\/12\/cropped-Logo-Radio-scaled-e1765997635294-300x300.png 300w, https:\/\/radioposk.org\/wp-content\/uploads\/2025\/12\/cropped-Logo-Radio-scaled-e1765997635294-270x270.png 270w, https:\/\/radioposk.org\/wp-content\/uploads\/2025\/12\/cropped-Logo-Radio-scaled-e1765997635294-192x192.png 192w, https:\/\/radioposk.org\/wp-content\/uploads\/2025\/12\/cropped-Logo-Radio-scaled-e1765997635294-180x180.png 180w, https:\/\/radioposk.org\/wp-content\/uploads\/2025\/12\/cropped-Logo-Radio-scaled-e1765997635294-32x32.png 32w, https:\/\/radioposk.org\/wp-content\/uploads\/2025\/12\/cropped-Logo-Radio-scaled-e1765997635294.png 512w\" sizes=\"(max-width: 150px) 100vw, 150px\" \/>                                    <div class=\"site-caption\"> <\/div>\n                            <\/a>\n        <\/div>\n\t\t\t\t<\/div>\n\t\t\t\t<\/div>\n\t\t\t\t\t<\/div>\n\t\t\t\t<\/div>\n\t\t<div class=\"elementor-element elementor-element-638c314 e-flex e-con-boxed e-con e-parent\" data-id=\"638c314\" data-element_type=\"container\" data-e-type=\"container\">\n\t\t\t\t\t<div class=\"e-con-inner\">\n\t\t\t\t<div class=\"elementor-element elementor-element-0665514 elementor-widget-divider--view-line elementor-widget elementor-widget-divider\" data-id=\"0665514\" data-element_type=\"widget\" data-e-type=\"widget\" data-widget_type=\"divider.default\">\n\t\t\t\t\t\t\t<div class=\"elementor-divider\">\n\t\t\t<span class=\"elementor-divider-separator\">\n\t\t\t\t\t\t<\/span>\n\t\t<\/div>\n\t\t\t\t\t\t<\/div>\n\t\t\t\t\t<\/div>\n\t\t\t\t<\/div>\n\t\t<div class=\"elementor-element elementor-element-6905efa7 e-flex e-con-boxed e-con e-parent\" data-id=\"6905efa7\" data-element_type=\"container\" data-e-type=\"container\">\n\t\t\t\t\t<div class=\"e-con-inner\">\n\t\t<div class=\"elementor-element elementor-element-3aff495e e-con-full e-flex e-con e-child\" data-id=\"3aff495e\" data-element_type=\"container\" data-e-type=\"container\" data-settings=\"{&quot;background_background&quot;:&quot;classic&quot;}\">\n\t\t\t\t<\/div>\n\t\t<div class=\"elementor-element elementor-element-48a24eb2 e-con-full e-flex e-con e-child\" data-id=\"48a24eb2\" data-element_type=\"container\" data-e-type=\"container\">\n\t\t\t\t<div class=\"elementor-element elementor-element-6ee3516c elementor-invisible elementor-widget elementor-widget-heading\" data-id=\"6ee3516c\" data-element_type=\"widget\" data-e-type=\"widget\" data-settings=\"{&quot;_animation&quot;:&quot;fadeInUp&quot;}\" data-widget_type=\"heading.default\">\n\t\t\t\t\t<h6 class=\"elementor-heading-title elementor-size-default\">Radio POSK<\/h6>\t\t\t\t<\/div>\n\t\t\t\t<div class=\"elementor-element elementor-element-1dd19bf1 elementor-invisible elementor-widget elementor-widget-heading\" data-id=\"1dd19bf1\" data-element_type=\"widget\" data-e-type=\"widget\" data-settings=\"{&quot;_animation&quot;:&quot;fadeInUp&quot;}\" data-widget_type=\"heading.default\">\n\t\t\t\t\t<h3 class=\"elementor-heading-title elementor-size-default\">Creating unique soundscapes for every listener<\/h3>\t\t\t\t<\/div>\n\t\t<div class=\"elementor-element elementor-element-313dec4c e-con-full e-flex e-con e-child\" data-id=\"313dec4c\" data-element_type=\"container\" data-e-type=\"container\">\n\t\t<div class=\"elementor-element elementor-element-59a19b21 e-con-full e-flex e-con e-child\" data-id=\"59a19b21\" data-element_type=\"container\" data-e-type=\"container\" data-settings=\"{&quot;background_background&quot;:&quot;classic&quot;}\">\n\t\t\t\t<\/div>\n\t\t<div class=\"elementor-element elementor-element-437b94d4 e-con-full e-flex e-con e-child\" data-id=\"437b94d4\" data-element_type=\"container\" data-e-type=\"container\">\n\t\t\t\t<div class=\"elementor-element elementor-element-4a9cc4c6 elementor-widget elementor-widget-text-editor\" data-id=\"4a9cc4c6\" data-element_type=\"widget\" data-e-type=\"widget\" data-widget_type=\"text-editor.default\">\n\t\t\t\t\t\t\t\t\t<p data-start=\"115\" data-end=\"345\" class=\"translation-block\"><span style=\"color: #999999\">\n  <strong>Radio POSK<\/strong> is a community, non-commercial radio station based at the Polish Social and Cultural Association (POSK) in London. \n  We broadcast from London, creating a space for Polish culture, music, and conversations that matter to the Polish community across the United Kingdom.\n<\/span><\/p><p data-start=\"347\" data-end=\"555\"><span style=\"color: #999999;\"><span style=\"color: #999999\">\n  We are a radio station created by passionate people, free from advertising and commercial pressure, built with the community in mind. \n  We connect Poles, give a voice to local initiatives, and bring you closer to what\u2019s happening at POSK and across Polish London.\n<\/span><\/span><\/p>\t\t\t\t\t\t\t\t<\/div>\n\t\t\t\t<\/div>\n\t\t\t\t<\/div>\n\t\t\t\t<\/div>\n\t\t\t\t\t<\/div>\n\t\t\t\t<\/div>\n\t\t\t\t<\/div>","protected":false},"excerpt":{"rendered":"<p>Radio POSK Tworzenie unikalnych pejza\u017cy d\u017awi\u0119kowych dla ka\u017cdego s\u0142uchacza Radio POSK to spo\u0142eczna, niekomercyjna stacja radiowa dzia\u0142aj\u0105ca przy Polskim O\u015brodku Spo\u0142eczno-Kulturalnym w Londynie. Nadajemy z Londynu, tworz\u0105c przestrze\u0144 dla polskiej kultury, muzyki i rozm\u00f3w wa\u017cnych dla Polonii w Wielkiej Brytanii. Jeste\u015bmy radiem tworzonym przez ludzi z pasj\u0105, bez reklam i bez komercji, z my\u015bl\u0105 o [&hellip;]<\/p>\n","protected":false},"author":2,"featured_media":0,"parent":0,"menu_order":0,"comment_status":"closed","ping_status":"closed","template":"elementor_header_footer","meta":{"_eb_attr":"","footnotes":""},"class_list":["post-260","page","type-page","status-publish","hentry"],"_links":{"self":[{"href":"https:\/\/radioposk.org\/en\/wp-json\/wp\/v2\/pages\/260","targetHints":{"allow":["GET"]}}],"collection":[{"href":"https:\/\/radioposk.org\/en\/wp-json\/wp\/v2\/pages"}],"about":[{"href":"https:\/\/radioposk.org\/en\/wp-json\/wp\/v2\/types\/page"}],"author":[{"embeddable":true,"href":"https:\/\/radioposk.org\/en\/wp-json\/wp\/v2\/users\/2"}],"replies":[{"embeddable":true,"href":"https:\/\/radioposk.org\/en\/wp-json\/wp\/v2\/comments?post=260"}],"version-history":[{"count":69,"href":"https:\/\/radioposk.org\/en\/wp-json\/wp\/v2\/pages\/260\/revisions"}],"predecessor-version":[{"id":727,"href":"https:\/\/radioposk.org\/en\/wp-json\/wp\/v2\/pages\/260\/revisions\/727"}],"wp:attachment":[{"href":"https:\/\/radioposk.org\/en\/wp-json\/wp\/v2\/media?parent=260"}],"curies":[{"name":"wp","href":"https:\/\/api.w.org\/{rel}","templated":true}]}}